{"id":2019,"date":"2023-02-08T16:36:31","date_gmt":"2023-02-08T16:36:31","guid":{"rendered":"https:\/\/adroitinsight.com\/que-hacemos\/"},"modified":"2025-11-05T14:20:41","modified_gmt":"2025-11-05T14:20:41","slug":"que-hacemos","status":"publish","type":"page","link":"https:\/\/adroitinsight.com\/es\/que-hacemos\/","title":{"rendered":"Qu\u00e9 hacemos"},"content":{"rendered":"\n<div class=\"hero&#x20;has-navy-color hello\" style=\"\">\n\t<div class=\"container\">\n\t\t<div class=\"hero__content\">\n\t\t\t\t\t\t<h1 class=\"hero__headline\">Convertimos datos complejos en claves relevantes<\/h1>\n\t\t<\/div>\n\t\t\t\t\t\t\t\t\t\t\n\t\n\t\n\t\t\n\t\t<picture class=\"hero__image--picture\">\n\t\t\t\t\t\t\t<source type=\"image\/webp\"\n\t\t\t\t\t\tsrcset=\"\/wp-content\/uploads\/2023\/02\/what-we-do-30x0-c-default.webp\"\n\t\t\t\t\t\tclass=\"blur-up lazyload hero__image\"\n\t\t\t\t\t\tdata-srcset=\"\n                                    \/wp-content\/uploads\/2023\/02\/what-we-do-690x0-c-default.webp 690w,                                    \/wp-content\/uploads\/2023\/02\/what-we-do-1380x0-c-default.webp 1380w                                \"\n\t\t\t\t>\n\t\t\t\n\t\t\t\n\t\n\t\n\t\t<img\n\t\t\t\twidth=\"330\"\n\t\t\t\theight=\"290\"\n\t\t\t\tsrc=\"\/wp-content\/uploads\/2023\/02\/what-we-do-1380x0-c-default.png\"\n\t\t\t\tsrcset=\"\/wp-content\/uploads\/2023\/02\/what-we-do-30x0-c-default.png\"\n\t\t\t\talt=\"\"\n\t\t\t\tclass=\"blur-up lazyload hero__image\"\n\t\t\t\tdata-sizes=\"auto\"\n\t\t\t\tdata-src=\"\/wp-content\/uploads\/2023\/02\/what-we-do-1380x0-c-default.png\"\n\t\t\t\tdata-srcset=\"\n                            \/wp-content\/uploads\/2023\/02\/what-we-do-690x0-c-default.png 690w,                            \/wp-content\/uploads\/2023\/02\/what-we-do-1380x0-c-default.png 1380w                        \"\n\t\t\t\t\t\t>\n\n\t\n\n\n\t\t<\/picture>\n\n\t\n\t\t\t<\/div>\n<\/div>\n\n<section class=\"intro&#x20;teal-15&#x20;has-teal-15-background-color&#x20;has-navy-color\" style=\"margin-top&#x3A;&#x20;var&#x28;--wp--preset--spacing--70&#x29;\">\n\t<div class=\"container\">\n\t\t\t\t<div class=\"intro__text\">\n\t\t\tEn Adroit tomamos tus datos y los convertimos en Insights, claves, que puedas usar. No importa si tu objetivo es crecer, ganar en eficiencia en tus campa\u00f1as o crear atracci\u00f3n. Nosotros te proporcionaremos la informaci\u00f3n que necesitas para tomar las decisiones correctas.<br \/>\n<br \/>\nEncontramos la historia que se esconde entre tus datos. Te descubriremos la informaci\u00f3n que te permita llegar a tus usuarios, a trav\u00e9s de datos optimizados, limpios y \u00fatiles. A continuaci\u00f3n, te mostramos c\u00f3mo usar ese conocimiento para crear acciones eficientes.\n\t\t<\/div>\n\t<\/div>\n<\/section>\n<div class=\"what-we-do__wrapper\"\n\t style=\"\">\n\t\t\t\t\t<article class=\"what-we-do\">\n\t\t\t<header class=\"what-we-do__header\">\n\t\t\t\t<h4 class=\"what-we-do__title\">\n\t\t\t\t\t<a href=\"\/es\/que-hacemos\/sistemas-de-datos\/\">Sistemas de datos<\/a>\n\t\t\t\t<\/h4>\n\t\t\t\t<img decoding=\"async\" src=\"\/wp-content\/uploads\/2023\/02\/data-systems.svg\"\n\t\t\t\t\t alt=\"Sistemas&#x20;de&#x20;datos&#x20;Icono\"\n\t\t\t\t\t class=\"what-we-do__icon\">\n\t\t\t<\/header>\n\t\t\t<main class=\"what-we-do__content\">\n\t\t\t\t<div class=\"row\">\n\t\t\t\t\t<div class=\"col-7\">\n\t\t\t\t\t\tDesarrollamos plataformas de gesti\u00f3n de datos de clientes que te permiten aprovechar todos los beneficios de tus datos, para tomar decisiones m\u00e1s inteligentes y obtener mejores resultados. <a href=\"https:\/\/adroitinsight.com\/es\/que-hacemos\/sistemas-de-datos\/\" class=\"read-more\">Leer m\u00e1s<\/a>\n\t\t\t\t\t<\/div>\n\t\t\t\t\t<div class=\"col-5\">\n\t\t\t\t\t\t\t\t\t\t\t\t\t<ul class=\"what-we-do__bullets\">\n\t\t\t\t\t\t\t\t\t\t\t\t\t\t\t\t\t<li class=\"what-we-do__list-item\">Vista \u00danica de Cliente<\/li>\n\t\t\t\t\t\t\t\t\t\t\t\t\t\t\t\t\t<li class=\"what-we-do__list-item\">Data Warehousing<\/li>\n\t\t\t\t\t\t\t\t\t\t\t\t\t\t\t\t\t<li class=\"what-we-do__list-item\">Ingesta y gesti\u00f3n de datos<\/li>\n\t\t\t\t\t\t\t\t\t\t\t\t\t\t\t<\/ul>\n\t\t\t\t\t\t\t\t\t\t\t<\/div>\n\t\t\t\t<\/div>\n\t\t\t<\/main>\n\t\t<\/article>\n\t\t\t\t\t<article class=\"what-we-do\">\n\t\t\t<header class=\"what-we-do__header\">\n\t\t\t\t<h4 class=\"what-we-do__title\">\n\t\t\t\t\t<a href=\"\/es\/que-hacemos\/servicios-de-campana\/\">Servicios de campa\u00f1a<\/a>\n\t\t\t\t<\/h4>\n\t\t\t\t<img decoding=\"async\" src=\"\/wp-content\/uploads\/2023\/02\/campaign-services.svg\"\n\t\t\t\t\t alt=\"Servicios&#x20;de&#x20;campa&#x00F1;a&#x20;Icono\"\n\t\t\t\t\t class=\"what-we-do__icon\">\n\t\t\t<\/header>\n\t\t\t<main class=\"what-we-do__content\">\n\t\t\t\t<div class=\"row\">\n\t\t\t\t\t<div class=\"col-7\">\n\t\t\t\t\t\tTe ayudamos a planificar, dise\u00f1ar y ejecutar campa\u00f1as y journeys de comunicaci\u00f3n eficientes. <a href=\"https:\/\/adroitinsight.com\/es\/que-hacemos\/servicios-de-campana\/\" class=\"read-more\">Leer m\u00e1s<\/a>\n\t\t\t\t\t<\/div>\n\t\t\t\t\t<div class=\"col-5\">\n\t\t\t\t\t\t\t\t\t\t\t\t\t<ul class=\"what-we-do__bullets\">\n\t\t\t\t\t\t\t\t\t\t\t\t\t\t\t\t\t<li class=\"what-we-do__list-item\">Planificaci\u00f3n de &quot;Journeys&quot;<\/li>\n\t\t\t\t\t\t\t\t\t\t\t\t\t\t\t\t\t<li class=\"what-we-do__list-item\">PeopleStage<\/li>\n\t\t\t\t\t\t\t\t\t\t\t\t\t\t\t\t\t<li class=\"what-we-do__list-item\">Comunicaci\u00f3n multicanal<\/li>\n\t\t\t\t\t\t\t\t\t\t\t\t\t\t\t<\/ul>\n\t\t\t\t\t\t\t\t\t\t\t<\/div>\n\t\t\t\t<\/div>\n\t\t\t<\/main>\n\t\t<\/article>\n\t\t\t\t\t<article class=\"what-we-do\">\n\t\t\t<header class=\"what-we-do__header\">\n\t\t\t\t<h4 class=\"what-we-do__title\">\n\t\t\t\t\t<a href=\"\/es\/que-hacemos\/metricas\/\">M\u00e9tricas<\/a>\n\t\t\t\t<\/h4>\n\t\t\t\t<img decoding=\"async\" src=\"\/wp-content\/uploads\/2023\/02\/measurement.svg\"\n\t\t\t\t\t alt=\"M&#x00E9;tricas&#x20;Icono\"\n\t\t\t\t\t class=\"what-we-do__icon\">\n\t\t\t<\/header>\n\t\t\t<main class=\"what-we-do__content\">\n\t\t\t\t<div class=\"row\">\n\t\t\t\t\t<div class=\"col-7\">\n\t\t\t\t\t\tTe ayudamos a medir y a visualizar los indicadores clave para que puedas obtener el m\u00e1ximo beneficio de tus datos. <a href=\"https:\/\/adroitinsight.com\/es\/que-hacemos\/metricas\/\" class=\"read-more\">Leer m\u00e1s<\/a>\n\t\t\t\t\t<\/div>\n\t\t\t\t\t<div class=\"col-5\">\n\t\t\t\t\t\t\t\t\t\t\t\t\t<ul class=\"what-we-do__bullets\">\n\t\t\t\t\t\t\t\t\t\t\t\t\t\t\t\t\t<li class=\"what-we-do__list-item\">Desarrollo de KPI&#039;s<\/li>\n\t\t\t\t\t\t\t\t\t\t\t\t\t\t\t\t\t<li class=\"what-we-do__list-item\">Informes de campa\u00f1a<\/li>\n\t\t\t\t\t\t\t\t\t\t\t\t\t\t\t\t\t<li class=\"what-we-do__list-item\">Business Intelligence<\/li>\n\t\t\t\t\t\t\t\t\t\t\t\t\t\t\t\t\t<li class=\"what-we-do__list-item\">Benchmarking<\/li>\n\t\t\t\t\t\t\t\t\t\t\t\t\t\t\t<\/ul>\n\t\t\t\t\t\t\t\t\t\t\t<\/div>\n\t\t\t\t<\/div>\n\t\t\t<\/main>\n\t\t<\/article>\n\t\t\t\t\t<article class=\"what-we-do\">\n\t\t\t<header class=\"what-we-do__header\">\n\t\t\t\t<h4 class=\"what-we-do__title\">\n\t\t\t\t\t<a href=\"\/es\/que-hacemos\/analisis-de-datos\/\">An\u00e1lisis de datos<\/a>\n\t\t\t\t<\/h4>\n\t\t\t\t<img decoding=\"async\" src=\"\/wp-content\/uploads\/2023\/02\/data-insight.svg\"\n\t\t\t\t\t alt=\"An&#x00E1;lisis&#x20;de&#x20;datos&#x20;Icono\"\n\t\t\t\t\t class=\"what-we-do__icon\">\n\t\t\t<\/header>\n\t\t\t<main class=\"what-we-do__content\">\n\t\t\t\t<div class=\"row\">\n\t\t\t\t\t<div class=\"col-7\">\n\t\t\t\t\t\tUsamos una amplia gama de herramientas de an\u00e1lisis avanzado para ayudarte a obtener la m\u00e1xima informaci\u00f3n de tus datos. <a href=\"https:\/\/adroitinsight.com\/es\/que-hacemos\/analisis-de-datos\/\" class=\"read-more\">Leer m\u00e1s<\/a>\n\t\t\t\t\t<\/div>\n\t\t\t\t\t<div class=\"col-5\">\n\t\t\t\t\t\t\t\t\t\t\t\t\t<ul class=\"what-we-do__bullets\">\n\t\t\t\t\t\t\t\t\t\t\t\t\t\t\t\t\t<li class=\"what-we-do__list-item\">Modelizaci\u00f3n<\/li>\n\t\t\t\t\t\t\t\t\t\t\t\t\t\t\t\t\t<li class=\"what-we-do__list-item\">Anal\u00edtica predictiva<\/li>\n\t\t\t\t\t\t\t\t\t\t\t\t\t\t\t\t\t<li class=\"what-we-do__list-item\">Pruebas multivariantes<\/li>\n\t\t\t\t\t\t\t\t\t\t\t\t\t\t\t\t\t<li class=\"what-we-do__list-item\">An\u00e1lisis del comportamiento<\/li>\n\t\t\t\t\t\t\t\t\t\t\t\t\t\t\t<\/ul>\n\t\t\t\t\t\t\t\t\t\t\t<\/div>\n\t\t\t\t<\/div>\n\t\t\t<\/main>\n\t\t<\/article>\n\t\t\t\t\t<article class=\"what-we-do\">\n\t\t\t<header class=\"what-we-do__header\">\n\t\t\t\t<h4 class=\"what-we-do__title\">\n\t\t\t\t\t<a href=\"\/es\/que-hacemos\/analisis-de-audiencias\/\">Audience Insight<\/a>\n\t\t\t\t<\/h4>\n\t\t\t\t<img decoding=\"async\" src=\"\/wp-content\/uploads\/2023\/02\/audience-insight.svg\"\n\t\t\t\t\t alt=\"Audience&#x20;Insight&#x20;Icono\"\n\t\t\t\t\t class=\"what-we-do__icon\">\n\t\t\t<\/header>\n\t\t\t<main class=\"what-we-do__content\">\n\t\t\t\t<div class=\"row\">\n\t\t\t\t\t<div class=\"col-7\">\n\t\t\t\t\t\tDescubre las claves de tu audiencia. Ayudamos a descubrir qui\u00e9nes son y qu\u00e9 motiva sus comportamientos. <a href=\"https:\/\/adroitinsight.com\/es\/que-hacemos\/analisis-de-audiencias\/\" class=\"read-more\">Leer m\u00e1s<\/a>\n\t\t\t\t\t<\/div>\n\t\t\t\t\t<div class=\"col-5\">\n\t\t\t\t\t\t\t\t\t\t\t\t\t<ul class=\"what-we-do__bullets\">\n\t\t\t\t\t\t\t\t\t\t\t\t\t\t\t\t\t<li class=\"what-we-do__list-item\">Social Intelligence<\/li>\n\t\t\t\t\t\t\t\t\t\t\t\t\t\t\t\t\t<li class=\"what-we-do__list-item\">Segmentaci\u00f3n<\/li>\n\t\t\t\t\t\t\t\t\t\t\t\t\t\t\t\t\t<li class=\"what-we-do__list-item\">An\u00e1lisis cuantitativo<\/li>\n\t\t\t\t\t\t\t\t\t\t\t\t\t\t\t\t\t<li class=\"what-we-do__list-item\">Profiling<\/li>\n\t\t\t\t\t\t\t\t\t\t\t\t\t\t\t<\/ul>\n\t\t\t\t\t\t\t\t\t\t\t<\/div>\n\t\t\t\t<\/div>\n\t\t\t<\/main>\n\t\t<\/article>\n\t\t\t\t\t<article class=\"what-we-do\">\n\t\t\t<header class=\"what-we-do__header\">\n\t\t\t\t<h4 class=\"what-we-do__title\">\n\t\t\t\t\t<a href=\"\/es\/que-hacemos\/productos\/\">Productos<\/a>\n\t\t\t\t<\/h4>\n\t\t\t\t<img decoding=\"async\" src=\"\/wp-content\/uploads\/2023\/02\/products.svg\"\n\t\t\t\t\t alt=\"Productos&#x20;Icono\"\n\t\t\t\t\t class=\"what-we-do__icon\">\n\t\t\t<\/header>\n\t\t\t<main class=\"what-we-do__content\">\n\t\t\t\t<div class=\"row\">\n\t\t\t\t\t<div class=\"col-7\">\n\t\t\t\t\t\tDescubre nuestra gama de productos y tecnolog\u00edas de desarrollo propio y todas sus ventajas. <a href=\"https:\/\/adroitinsight.com\/es\/que-hacemos\/productos\/\" class=\"read-more\">Leer m\u00e1s<\/a>\n\t\t\t\t\t<\/div>\n\t\t\t\t\t<div class=\"col-5\">\n\t\t\t\t\t\t\t\t\t\t\t\t\t<ul class=\"what-we-do__bullets\">\n\t\t\t\t\t\t\t\t\t\t\t\t\t\t\t\t\t<li class=\"what-we-do__list-item\">Apteco<\/li>\n\t\t\t\t\t\t\t\t\t\t\t\t\t\t\t\t\t<li class=\"what-we-do__list-item\">Anal\u00edtica predictiva<\/li>\n\t\t\t\t\t\t\t\t\t\t\t\t\t\t\t\t\t<li class=\"what-we-do__list-item\">Informes<\/li>\n\t\t\t\t\t\t\t\t\t\t\t\t\t\t\t<\/ul>\n\t\t\t\t\t\t\t\t\t\t\t<\/div>\n\t\t\t\t<\/div>\n\t\t\t<\/main>\n\t\t<\/article>\n\t<\/div>\n<div class=\"partners&#x20;has-navy-color\" style=\"\">\n\t<div class=\"container\">\n\t\t\t\t\t<h3 class=\"partners__heading\">Nuestros partners<\/h3>\n\t\t\t\t<ul class=\"partners__list\">\n\t\t\t\t\t\t\t\t\t\t\t\t\t\t\t\t\t\t\t\t\t\t\t\t\t\t\t\t\t\t\t\t\t\t\t\t\t\t\t\t\t\t\t\t\t\t\t\t\t\t\t\t\t\t\t\t\t\t\t\t\t\t\t\t\t\t\t\t\t\t\t\t\t\t\t\t\t\t\t\t\t\t\t\t\t\t\t\t\t\t\t\t\t\t\t\t\t\t\t\t\t\t\t\t\t\t\t\t\t\t\t\t\t\t\t<li class=\"partners__list-item\">\n\t\t\t\t\t\t<figure class=\"partner\">\n\t\t\t\t\t\t\t<img decoding=\"async\" src=\"\/wp-content\/uploads\/2023\/04\/dynata.svg\"\n\t\t\t\t\t\t\t\t alt=\"Logo&#x20;dynata\"\n\t\t\t\t\t\t\t\t class=\"partner__logo\">\n\t\t\t\t\t\t\t<figcaption class=\"partner__name\">\n\t\t\t\t\t\t\t\t\n\t\t\t\t\t\t\t<\/figcaption>\n\t\t\t\t\t\t<\/figure>\n\t\t\t\t\t<\/li>\n\t\t\t\t\t\t\t\t\t<\/ul>\n\t<\/div>\n<\/div>\n\n<figure class=\"wp-block-pullquote has-navy-color has-text-color\"><blockquote><p>&#8220;Gracias por vuestro servicio excepcional hacia nuestros clientes durante estos a\u00f1os&#8221;<\/p><cite>Apteco<\/cite><\/blockquote><\/figure>\n","protected":false},"excerpt":{"rendered":"<p>&#8220;Gracias por vuestro servicio excepcional hacia nuestros clientes durante estos a\u00f1os&#8221; Apteco<\/p>\n","protected":false},"author":2,"featured_media":0,"parent":0,"menu_order":20,"comment_status":"closed","ping_status":"closed","template":"","meta":{"_acf_changed":false,"footnotes":""},"class_list":["post-2019","page","type-page","status-publish","hentry"],"acf":[],"yoast_head":"<!-- This site is optimized with the Yoast SEO plugin v27.4 - https:\/\/yoast.com\/product\/yoast-seo-wordpress\/ -->\n<title>Qu\u00e9 hacemos | Adroit Insight<\/title>\n<meta name=\"robots\" content=\"index, follow, max-snippet:-1, max-image-preview:large, max-video-preview:-1\" \/>\n<link rel=\"canonical\" href=\"https:\/\/adroitinsight.com\/es\/que-hacemos\/\" \/>\n<meta property=\"og:locale\" content=\"es_ES\" \/>\n<meta property=\"og:type\" content=\"article\" \/>\n<meta property=\"og:title\" content=\"Qu\u00e9 hacemos | Adroit Insight\" \/>\n<meta property=\"og:description\" content=\"&#8220;Gracias por vuestro servicio excepcional hacia nuestros clientes durante estos a\u00f1os&#8221; Apteco\" \/>\n<meta property=\"og:url\" content=\"https:\/\/adroitinsight.com\/es\/que-hacemos\/\" \/>\n<meta property=\"og:site_name\" content=\"Adroit Insight\" \/>\n<meta property=\"article:modified_time\" content=\"2025-11-05T14:20:41+00:00\" \/>\n<meta name=\"twitter:card\" content=\"summary_large_image\" \/>\n<script type=\"application\/ld+json\" class=\"yoast-schema-graph\">{\"@context\":\"https:\\\/\\\/schema.org\",\"@graph\":[{\"@type\":\"WebPage\",\"@id\":\"https:\\\/\\\/adroitinsight.com\\\/es\\\/que-hacemos\\\/\",\"url\":\"https:\\\/\\\/adroitinsight.com\\\/es\\\/que-hacemos\\\/\",\"name\":\"Qu\u00e9 hacemos | Adroit Insight\",\"isPartOf\":{\"@id\":\"https:\\\/\\\/adroitinsight.com\\\/#website\"},\"datePublished\":\"2023-02-08T16:36:31+00:00\",\"dateModified\":\"2025-11-05T14:20:41+00:00\",\"breadcrumb\":{\"@id\":\"https:\\\/\\\/adroitinsight.com\\\/es\\\/que-hacemos\\\/#breadcrumb\"},\"inLanguage\":\"es\",\"potentialAction\":[{\"@type\":\"ReadAction\",\"target\":[\"https:\\\/\\\/adroitinsight.com\\\/es\\\/que-hacemos\\\/\"]}]},{\"@type\":\"BreadcrumbList\",\"@id\":\"https:\\\/\\\/adroitinsight.com\\\/es\\\/que-hacemos\\\/#breadcrumb\",\"itemListElement\":[{\"@type\":\"ListItem\",\"position\":1,\"name\":\"Home\",\"item\":\"https:\\\/\\\/adroitinsight.com\\\/es\\\/\"},{\"@type\":\"ListItem\",\"position\":2,\"name\":\"Qu\u00e9 hacemos\"}]},{\"@type\":\"WebSite\",\"@id\":\"https:\\\/\\\/adroitinsight.com\\\/#website\",\"url\":\"https:\\\/\\\/adroitinsight.com\\\/\",\"name\":\"Adroit Insight\",\"description\":\"Data insight focused on non profit sector\",\"publisher\":{\"@id\":\"https:\\\/\\\/adroitinsight.com\\\/#organization\"},\"potentialAction\":[{\"@type\":\"SearchAction\",\"target\":{\"@type\":\"EntryPoint\",\"urlTemplate\":\"https:\\\/\\\/adroitinsight.com\\\/?s={search_term_string}\"},\"query-input\":{\"@type\":\"PropertyValueSpecification\",\"valueRequired\":true,\"valueName\":\"search_term_string\"}}],\"inLanguage\":\"es\"},{\"@type\":\"Organization\",\"@id\":\"https:\\\/\\\/adroitinsight.com\\\/#organization\",\"name\":\"Adroit Insight\",\"url\":\"https:\\\/\\\/adroitinsight.com\\\/\",\"logo\":{\"@type\":\"ImageObject\",\"inLanguage\":\"es\",\"@id\":\"https:\\\/\\\/adroitinsight.com\\\/#\\\/schema\\\/logo\\\/image\\\/\",\"url\":\"https:\\\/\\\/l8ueb9.n3cdn1.secureserver.net\\\/wp-content\\\/uploads\\\/2023\\\/02\\\/adroit-logo.png?time=1709820888\",\"contentUrl\":\"https:\\\/\\\/l8ueb9.n3cdn1.secureserver.net\\\/wp-content\\\/uploads\\\/2023\\\/02\\\/adroit-logo.png?time=1709820888\",\"width\":640,\"height\":207,\"caption\":\"Adroit Insight\"},\"image\":{\"@id\":\"https:\\\/\\\/adroitinsight.com\\\/#\\\/schema\\\/logo\\\/image\\\/\"}}]}<\/script>\n<!-- \/ Yoast SEO plugin. -->","yoast_head_json":{"title":"Qu\u00e9 hacemos | Adroit Insight","robots":{"index":"index","follow":"follow","max-snippet":"max-snippet:-1","max-image-preview":"max-image-preview:large","max-video-preview":"max-video-preview:-1"},"canonical":"https:\/\/adroitinsight.com\/es\/que-hacemos\/","og_locale":"es_ES","og_type":"article","og_title":"Qu\u00e9 hacemos | Adroit Insight","og_description":"&#8220;Gracias por vuestro servicio excepcional hacia nuestros clientes durante estos a\u00f1os&#8221; Apteco","og_url":"https:\/\/adroitinsight.com\/es\/que-hacemos\/","og_site_name":"Adroit Insight","article_modified_time":"2025-11-05T14:20:41+00:00","twitter_card":"summary_large_image","schema":{"@context":"https:\/\/schema.org","@graph":[{"@type":"WebPage","@id":"https:\/\/adroitinsight.com\/es\/que-hacemos\/","url":"https:\/\/adroitinsight.com\/es\/que-hacemos\/","name":"Qu\u00e9 hacemos | Adroit Insight","isPartOf":{"@id":"https:\/\/adroitinsight.com\/#website"},"datePublished":"2023-02-08T16:36:31+00:00","dateModified":"2025-11-05T14:20:41+00:00","breadcrumb":{"@id":"https:\/\/adroitinsight.com\/es\/que-hacemos\/#breadcrumb"},"inLanguage":"es","potentialAction":[{"@type":"ReadAction","target":["https:\/\/adroitinsight.com\/es\/que-hacemos\/"]}]},{"@type":"BreadcrumbList","@id":"https:\/\/adroitinsight.com\/es\/que-hacemos\/#breadcrumb","itemListElement":[{"@type":"ListItem","position":1,"name":"Home","item":"https:\/\/adroitinsight.com\/es\/"},{"@type":"ListItem","position":2,"name":"Qu\u00e9 hacemos"}]},{"@type":"WebSite","@id":"https:\/\/adroitinsight.com\/#website","url":"https:\/\/adroitinsight.com\/","name":"Adroit Insight","description":"Data insight focused on non profit sector","publisher":{"@id":"https:\/\/adroitinsight.com\/#organization"},"potentialAction":[{"@type":"SearchAction","target":{"@type":"EntryPoint","urlTemplate":"https:\/\/adroitinsight.com\/?s={search_term_string}"},"query-input":{"@type":"PropertyValueSpecification","valueRequired":true,"valueName":"search_term_string"}}],"inLanguage":"es"},{"@type":"Organization","@id":"https:\/\/adroitinsight.com\/#organization","name":"Adroit Insight","url":"https:\/\/adroitinsight.com\/","logo":{"@type":"ImageObject","inLanguage":"es","@id":"https:\/\/adroitinsight.com\/#\/schema\/logo\/image\/","url":"https:\/\/l8ueb9.n3cdn1.secureserver.net\/wp-content\/uploads\/2023\/02\/adroit-logo.png?time=1709820888","contentUrl":"https:\/\/l8ueb9.n3cdn1.secureserver.net\/wp-content\/uploads\/2023\/02\/adroit-logo.png?time=1709820888","width":640,"height":207,"caption":"Adroit Insight"},"image":{"@id":"https:\/\/adroitinsight.com\/#\/schema\/logo\/image\/"}}]}},"_links":{"self":[{"href":"https:\/\/adroitinsight.com\/es\/wp-json\/wp\/v2\/pages\/2019","targetHints":{"allow":["GET"]}}],"collection":[{"href":"https:\/\/adroitinsight.com\/es\/wp-json\/wp\/v2\/pages"}],"about":[{"href":"https:\/\/adroitinsight.com\/es\/wp-json\/wp\/v2\/types\/page"}],"author":[{"embeddable":true,"href":"https:\/\/adroitinsight.com\/es\/wp-json\/wp\/v2\/users\/2"}],"replies":[{"embeddable":true,"href":"https:\/\/adroitinsight.com\/es\/wp-json\/wp\/v2\/comments?post=2019"}],"version-history":[{"count":9,"href":"https:\/\/adroitinsight.com\/es\/wp-json\/wp\/v2\/pages\/2019\/revisions"}],"predecessor-version":[{"id":6128,"href":"https:\/\/adroitinsight.com\/es\/wp-json\/wp\/v2\/pages\/2019\/revisions\/6128"}],"wp:attachment":[{"href":"https:\/\/adroitinsight.com\/es\/wp-json\/wp\/v2\/media?parent=2019"}],"curies":[{"name":"wp","href":"https:\/\/api.w.org\/{rel}","templated":true}]}}