{"id":2022,"date":"2023-04-12T13:18:07","date_gmt":"2023-04-12T13:18:07","guid":{"rendered":"https:\/\/adroitinsight.com\/boletin-de-noticias\/"},"modified":"2025-11-05T14:18:00","modified_gmt":"2025-11-05T14:18:00","slug":"newsletter","status":"publish","type":"page","link":"https:\/\/adroitinsight.com\/es\/newsletter\/","title":{"rendered":"Newsletter"},"content":{"rendered":"\n<div class=\"wp-block-columns has-yellow-50-background-color has-background is-layout-flex wp-container-core-columns-is-layout-9d6595d7 wp-block-columns-is-layout-flex\">\n<div class=\"wp-block-column is-layout-flow wp-block-column-is-layout-flow\">\n<div class=\"wp-block-columns is-layout-flex wp-container-core-columns-is-layout-9d6595d7 wp-block-columns-is-layout-flex\">\n<div class=\"wp-block-column is-layout-constrained wp-block-column-is-layout-constrained\">\n<p><\/p>\n\n\n\n<p><\/p>\n\n\n\n<h2 class=\"wp-block-heading has-text-align-center has-orange-color has-text-color has-link-color wp-elements-2b4a11826d2d819bb070a7fa47975a3c\">\u00a1No te pierdas nada!<\/h2>\n\n\n\n<p><\/p>\n<\/div>\n<\/div>\n\n\n\n<p class=\"has-text-align-center\" style=\"padding-right:var(--wp--preset--spacing--80);padding-left:var(--wp--preset--spacing--80);font-size:24px\">Si te intrigan las claves que te pueden aportar los datos, las predicciones que puedes realizar, como te pueden ayudar las segmentaciones o simplemente est\u00e1s interesado en conocer casos de \u00e9xito de organizaciones similares a la tuya, reg\u00edstrate y recibe nuestras novedades.<\/p>\n\n\n\n<div style=\"height:36px\" aria-hidden=\"true\" class=\"wp-block-spacer\"><\/div>\n\n\n\n<div class=\"wp-block-columns is-layout-flex wp-container-core-columns-is-layout-9d6595d7 wp-block-columns-is-layout-flex\">\n<div class=\"wp-block-column is-layout-flow wp-block-column-is-layout-flow\">\n<div style=\"height:43px\" aria-hidden=\"true\" class=\"wp-block-spacer\"><\/div>\n\n\n\n<div class=\"ml-embedded\" data-form=\"nxzatV\"><\/div>\n<\/div>\n\n\n\n<div class=\"wp-block-column is-layout-flow wp-block-column-is-layout-flow\">\n<figure class=\"wp-block-image size-full\"><img loading=\"lazy\" decoding=\"async\" width=\"3175\" height=\"2450\" src=\"https:\/\/adroitinsight.com\/wp-content\/uploads\/2023\/04\/News-image.png\" alt=\"\" class=\"wp-image-1525\" srcset=\"https:\/\/adroitinsight.com\/wp-content\/uploads\/2023\/04\/News-image.png 3175w, https:\/\/adroitinsight.com\/wp-content\/uploads\/2023\/04\/News-image-300x231.png 300w\" sizes=\"auto, (max-width: 3175px) 100vw, 3175px\" \/><\/figure>\n<\/div>\n<\/div>\n<\/div>\n<\/div>\n\n<p><\/p>\n\n<p><\/p>\n\n<p><\/p>\n\n<p><\/p>\n\n<p><\/p>\n\n<div class=\"background&#x20;yellow-50&#x20;has-yellow-50-background-color\" style=\"\">\n\t<div class=\"container\">\n\t\t<div class=\"acf-innerblocks-container\"><\/div>\n\t<\/div>\n<\/div>\n\n<div class=\"background\" style=\"\">\n\t<div class=\"container\">\n\t\t<div class=\"acf-innerblocks-container\"><\/div>\n\t<\/div>\n<\/div>\n\n<div class=\"background\" style=\"\">\n\t<div class=\"container\">\n\t\t<div class=\"acf-innerblocks-container\"><\/div>\n\t<\/div>\n<\/div>\n\n<p><\/p>\n","protected":false},"excerpt":{"rendered":"<p>\u00a1No te pierdas nada! Si te intrigan las claves que te pueden aportar los datos, las predicciones que puedes realizar, como te pueden ayudar las segmentaciones o simplemente est\u00e1s interesado en conocer casos de \u00e9xito de organizaciones similares a la tuya, reg\u00edstrate y recibe nuestras novedades.<\/p>\n","protected":false},"author":2,"featured_media":0,"parent":0,"menu_order":0,"comment_status":"closed","ping_status":"closed","template":"","meta":{"_acf_changed":false,"footnotes":""},"class_list":["post-2022","page","type-page","status-publish","hentry"],"acf":[],"yoast_head":"<!-- This site is optimized with the Yoast SEO plugin v27.4 - https:\/\/yoast.com\/product\/yoast-seo-wordpress\/ -->\n<title>Newsletter | Adroit Insight<\/title>\n<meta name=\"robots\" content=\"index, follow, max-snippet:-1, max-image-preview:large, max-video-preview:-1\" \/>\n<link rel=\"canonical\" href=\"https:\/\/adroitinsight.com\/es\/newsletter\/\" \/>\n<meta property=\"og:locale\" content=\"es_ES\" \/>\n<meta property=\"og:type\" content=\"article\" \/>\n<meta property=\"og:title\" content=\"Newsletter | Adroit Insight\" \/>\n<meta property=\"og:description\" content=\"Insights sobre datos, noticias y eventos para Fundraisers\" \/>\n<meta property=\"og:url\" content=\"https:\/\/adroitinsight.com\/es\/newsletter\/\" \/>\n<meta property=\"og:site_name\" content=\"Adroit Insight\" \/>\n<meta property=\"article:modified_time\" content=\"2025-11-05T14:18:00+00:00\" \/>\n<meta property=\"og:image\" content=\"https:\/\/adroitinsight.com\/wp-content\/uploads\/2023\/04\/News-image.png\" \/>\n\t<meta property=\"og:image:width\" content=\"1024\" \/>\n\t<meta property=\"og:image:height\" content=\"790\" \/>\n\t<meta property=\"og:image:type\" content=\"image\/png\" \/>\n<meta name=\"twitter:card\" content=\"summary_large_image\" \/>\n<script type=\"application\/ld+json\" class=\"yoast-schema-graph\">{\"@context\":\"https:\\\/\\\/schema.org\",\"@graph\":[{\"@type\":\"WebPage\",\"@id\":\"https:\\\/\\\/adroitinsight.com\\\/es\\\/newsletter\\\/\",\"url\":\"https:\\\/\\\/adroitinsight.com\\\/es\\\/newsletter\\\/\",\"name\":\"Newsletter | Adroit Insight\",\"isPartOf\":{\"@id\":\"https:\\\/\\\/adroitinsight.com\\\/#website\"},\"primaryImageOfPage\":{\"@id\":\"https:\\\/\\\/adroitinsight.com\\\/es\\\/newsletter\\\/#primaryimage\"},\"image\":{\"@id\":\"https:\\\/\\\/adroitinsight.com\\\/es\\\/newsletter\\\/#primaryimage\"},\"thumbnailUrl\":\"https:\\\/\\\/adroitinsight.com\\\/wp-content\\\/uploads\\\/2023\\\/04\\\/News-image.png\",\"datePublished\":\"2023-04-12T13:18:07+00:00\",\"dateModified\":\"2025-11-05T14:18:00+00:00\",\"description\":\"Insights sobre datos, noticias y eventos para Fundraisers\",\"breadcrumb\":{\"@id\":\"https:\\\/\\\/adroitinsight.com\\\/es\\\/newsletter\\\/#breadcrumb\"},\"inLanguage\":\"es\",\"potentialAction\":[{\"@type\":\"ReadAction\",\"target\":[\"https:\\\/\\\/adroitinsight.com\\\/es\\\/newsletter\\\/\"]}]},{\"@type\":\"ImageObject\",\"inLanguage\":\"es\",\"@id\":\"https:\\\/\\\/adroitinsight.com\\\/es\\\/newsletter\\\/#primaryimage\",\"url\":\"https:\\\/\\\/adroitinsight.com\\\/wp-content\\\/uploads\\\/2023\\\/04\\\/News-image.png\",\"contentUrl\":\"https:\\\/\\\/adroitinsight.com\\\/wp-content\\\/uploads\\\/2023\\\/04\\\/News-image.png\"},{\"@type\":\"BreadcrumbList\",\"@id\":\"https:\\\/\\\/adroitinsight.com\\\/es\\\/newsletter\\\/#breadcrumb\",\"itemListElement\":[{\"@type\":\"ListItem\",\"position\":1,\"name\":\"Home\",\"item\":\"https:\\\/\\\/adroitinsight.com\\\/es\\\/\"},{\"@type\":\"ListItem\",\"position\":2,\"name\":\"Newsletter\"}]},{\"@type\":\"WebSite\",\"@id\":\"https:\\\/\\\/adroitinsight.com\\\/#website\",\"url\":\"https:\\\/\\\/adroitinsight.com\\\/\",\"name\":\"Adroit Insight\",\"description\":\"Data insight focused on non profit sector\",\"publisher\":{\"@id\":\"https:\\\/\\\/adroitinsight.com\\\/#organization\"},\"potentialAction\":[{\"@type\":\"SearchAction\",\"target\":{\"@type\":\"EntryPoint\",\"urlTemplate\":\"https:\\\/\\\/adroitinsight.com\\\/?s={search_term_string}\"},\"query-input\":{\"@type\":\"PropertyValueSpecification\",\"valueRequired\":true,\"valueName\":\"search_term_string\"}}],\"inLanguage\":\"es\"},{\"@type\":\"Organization\",\"@id\":\"https:\\\/\\\/adroitinsight.com\\\/#organization\",\"name\":\"Adroit Insight\",\"url\":\"https:\\\/\\\/adroitinsight.com\\\/\",\"logo\":{\"@type\":\"ImageObject\",\"inLanguage\":\"es\",\"@id\":\"https:\\\/\\\/adroitinsight.com\\\/#\\\/schema\\\/logo\\\/image\\\/\",\"url\":\"https:\\\/\\\/l8ueb9.n3cdn1.secureserver.net\\\/wp-content\\\/uploads\\\/2023\\\/02\\\/adroit-logo.png?time=1709820888\",\"contentUrl\":\"https:\\\/\\\/l8ueb9.n3cdn1.secureserver.net\\\/wp-content\\\/uploads\\\/2023\\\/02\\\/adroit-logo.png?time=1709820888\",\"width\":640,\"height\":207,\"caption\":\"Adroit Insight\"},\"image\":{\"@id\":\"https:\\\/\\\/adroitinsight.com\\\/#\\\/schema\\\/logo\\\/image\\\/\"}}]}<\/script>\n<!-- \/ Yoast SEO plugin. -->","yoast_head_json":{"title":"Newsletter | Adroit Insight","robots":{"index":"index","follow":"follow","max-snippet":"max-snippet:-1","max-image-preview":"max-image-preview:large","max-video-preview":"max-video-preview:-1"},"canonical":"https:\/\/adroitinsight.com\/es\/newsletter\/","og_locale":"es_ES","og_type":"article","og_title":"Newsletter | Adroit Insight","og_description":"Insights sobre datos, noticias y eventos para Fundraisers","og_url":"https:\/\/adroitinsight.com\/es\/newsletter\/","og_site_name":"Adroit Insight","article_modified_time":"2025-11-05T14:18:00+00:00","og_image":[{"url":"https:\/\/adroitinsight.com\/wp-content\/uploads\/2023\/04\/News-image.png","width":1024,"height":790,"type":"image\/png"}],"twitter_card":"summary_large_image","schema":{"@context":"https:\/\/schema.org","@graph":[{"@type":"WebPage","@id":"https:\/\/adroitinsight.com\/es\/newsletter\/","url":"https:\/\/adroitinsight.com\/es\/newsletter\/","name":"Newsletter | Adroit Insight","isPartOf":{"@id":"https:\/\/adroitinsight.com\/#website"},"primaryImageOfPage":{"@id":"https:\/\/adroitinsight.com\/es\/newsletter\/#primaryimage"},"image":{"@id":"https:\/\/adroitinsight.com\/es\/newsletter\/#primaryimage"},"thumbnailUrl":"https:\/\/adroitinsight.com\/wp-content\/uploads\/2023\/04\/News-image.png","datePublished":"2023-04-12T13:18:07+00:00","dateModified":"2025-11-05T14:18:00+00:00","description":"Insights sobre datos, noticias y eventos para Fundraisers","breadcrumb":{"@id":"https:\/\/adroitinsight.com\/es\/newsletter\/#breadcrumb"},"inLanguage":"es","potentialAction":[{"@type":"ReadAction","target":["https:\/\/adroitinsight.com\/es\/newsletter\/"]}]},{"@type":"ImageObject","inLanguage":"es","@id":"https:\/\/adroitinsight.com\/es\/newsletter\/#primaryimage","url":"https:\/\/adroitinsight.com\/wp-content\/uploads\/2023\/04\/News-image.png","contentUrl":"https:\/\/adroitinsight.com\/wp-content\/uploads\/2023\/04\/News-image.png"},{"@type":"BreadcrumbList","@id":"https:\/\/adroitinsight.com\/es\/newsletter\/#breadcrumb","itemListElement":[{"@type":"ListItem","position":1,"name":"Home","item":"https:\/\/adroitinsight.com\/es\/"},{"@type":"ListItem","position":2,"name":"Newsletter"}]},{"@type":"WebSite","@id":"https:\/\/adroitinsight.com\/#website","url":"https:\/\/adroitinsight.com\/","name":"Adroit Insight","description":"Data insight focused on non profit sector","publisher":{"@id":"https:\/\/adroitinsight.com\/#organization"},"potentialAction":[{"@type":"SearchAction","target":{"@type":"EntryPoint","urlTemplate":"https:\/\/adroitinsight.com\/?s={search_term_string}"},"query-input":{"@type":"PropertyValueSpecification","valueRequired":true,"valueName":"search_term_string"}}],"inLanguage":"es"},{"@type":"Organization","@id":"https:\/\/adroitinsight.com\/#organization","name":"Adroit Insight","url":"https:\/\/adroitinsight.com\/","logo":{"@type":"ImageObject","inLanguage":"es","@id":"https:\/\/adroitinsight.com\/#\/schema\/logo\/image\/","url":"https:\/\/l8ueb9.n3cdn1.secureserver.net\/wp-content\/uploads\/2023\/02\/adroit-logo.png?time=1709820888","contentUrl":"https:\/\/l8ueb9.n3cdn1.secureserver.net\/wp-content\/uploads\/2023\/02\/adroit-logo.png?time=1709820888","width":640,"height":207,"caption":"Adroit Insight"},"image":{"@id":"https:\/\/adroitinsight.com\/#\/schema\/logo\/image\/"}}]}},"_links":{"self":[{"href":"https:\/\/adroitinsight.com\/es\/wp-json\/wp\/v2\/pages\/2022","targetHints":{"allow":["GET"]}}],"collection":[{"href":"https:\/\/adroitinsight.com\/es\/wp-json\/wp\/v2\/pages"}],"about":[{"href":"https:\/\/adroitinsight.com\/es\/wp-json\/wp\/v2\/types\/page"}],"author":[{"embeddable":true,"href":"https:\/\/adroitinsight.com\/es\/wp-json\/wp\/v2\/users\/2"}],"replies":[{"embeddable":true,"href":"https:\/\/adroitinsight.com\/es\/wp-json\/wp\/v2\/comments?post=2022"}],"version-history":[{"count":5,"href":"https:\/\/adroitinsight.com\/es\/wp-json\/wp\/v2\/pages\/2022\/revisions"}],"predecessor-version":[{"id":6126,"href":"https:\/\/adroitinsight.com\/es\/wp-json\/wp\/v2\/pages\/2022\/revisions\/6126"}],"wp:attachment":[{"href":"https:\/\/adroitinsight.com\/es\/wp-json\/wp\/v2\/media?parent=2022"}],"curies":[{"name":"wp","href":"https:\/\/api.w.org\/{rel}","templated":true}]}}