{"id":2031,"date":"2023-02-28T09:58:50","date_gmt":"2023-02-28T09:58:50","guid":{"rendered":"https:\/\/adroitinsight.com\/carreras\/"},"modified":"2023-04-21T11:22:03","modified_gmt":"2023-04-21T11:22:03","slug":"carreras","status":"publish","type":"page","link":"https:\/\/adroitinsight.com\/es\/nosotros\/carreras\/","title":{"rendered":"Carreras"},"content":{"rendered":"\n<div class=\"hero&#x20;teal&#x20;has-teal-background-color&#x20;has-navy-color hello\" style=\"\">\n\t<div class=\"container\">\n\t\t<div class=\"hero__content\">\n\t\t\t\t\t\t<h1 class=\"hero__headline\">Construye tu futuro con Adroit<\/h1>\n\t\t<\/div>\n\t\t\t\t\t\t\t\t\t\t\n\t\n\t\n\t\t\n\t\t<picture class=\"hero__image--picture\">\n\t\t\t\t\t\t\t<source type=\"image\/webp\"\n\t\t\t\t\t\tsrcset=\"\/wp-content\/uploads\/2023\/03\/Careers-Hero-30x0-c-default.webp\"\n\t\t\t\t\t\tclass=\"blur-up lazyload hero__image\"\n\t\t\t\t\t\tdata-srcset=\"\n                                    \/wp-content\/uploads\/2023\/03\/Careers-Hero-690x0-c-default.webp 690w,                                    \/wp-content\/uploads\/2023\/03\/Careers-Hero-1380x0-c-default.webp 1380w                                \"\n\t\t\t\t>\n\t\t\t\n\t\t\t\n\t\n\t\n\t\t<img\n\t\t\t\twidth=\"1423\"\n\t\t\t\theight=\"1225\"\n\t\t\t\tsrc=\"\/wp-content\/uploads\/2023\/03\/Careers-Hero-1380x0-c-default.png\"\n\t\t\t\tsrcset=\"\/wp-content\/uploads\/2023\/03\/Careers-Hero-30x0-c-default.png\"\n\t\t\t\talt=\"\"\n\t\t\t\tclass=\"blur-up lazyload hero__image\"\n\t\t\t\tdata-sizes=\"auto\"\n\t\t\t\tdata-src=\"\/wp-content\/uploads\/2023\/03\/Careers-Hero-1380x0-c-default.png\"\n\t\t\t\tdata-srcset=\"\n                            \/wp-content\/uploads\/2023\/03\/Careers-Hero-690x0-c-default.png 690w,                            \/wp-content\/uploads\/2023\/03\/Careers-Hero-1380x0-c-default.png 1380w                        \"\n\t\t\t\t\t\t>\n\n\t\n\n\n\t\t<\/picture>\n\n\t\n\t\t\t<\/div>\n<\/div>\n\n\n\n<section class=\"intro&#x20;has-teal-color\" style=\"\">\n\t<div class=\"container\">\n\t\t\t\t\t<h2 class=\"intro__heading\">\u00bfSomos para ti?<\/h2>\n\t\t\t\t<div class=\"intro__text\">\n\t\t\tSomos un equipo entusiasta a la hora de afrontar retos, apasionados por an\u00e1lisis, que busca a las mejores y m\u00e1s brillantes mentes para que se unan a nosotros. Vamos m\u00e1s all\u00e1 de los conocimientos t\u00e9cnicos y nos centramos en encontrar candidatos capaces de comprometerse, resolver problemas y que est\u00e9n siempre dispuestos a afrontar nuevos retos.<br \/>\r\n<br \/>\r\nSiempre estamos buscando nuevos miembros para equipo, para que se unan a nosotros en la b\u00fasqueda de soluciones de datos incre\u00edbles, para organizaciones incre\u00edbles. As\u00ed que si est\u00e1s buscando una nueva y emocionante oportunidad, Adroit podr\u00eda ser el lugar perfecto para ti.\n\t\t<\/div>\n\t<\/div>\n<\/section>\n\n\n<div class=\"semi-circle-heading&#x20;has-teal-color\"\n\t style=\"\">\n\t<div class=\"semi-circle-heading__container\">\n\t\t<h2 class=\"semi-circle-heading__title\">Nuestras 3 P<\/h2>\n\t<\/div>\n<\/div>\n\n\n\n<div class=\"wp-block-columns is-layout-flex wp-container-core-columns-is-layout-9d6595d7 wp-block-columns-is-layout-flex\">\n<div class=\"wp-block-column is-layout-flow wp-block-column-is-layout-flow\">\n<h4 class=\"has-text-align-center has-navy-color has-text-color wp-block-heading\">Prop\u00f3sito<\/h4>\n\n\n\n<figure class=\"wp-block-image size-full\"><img loading=\"lazy\" decoding=\"async\" width=\"829\" height=\"829\" src=\"https:\/\/adroitinsight.com\/wp-content\/uploads\/2023\/03\/Careers-image-3.jpg\" alt=\"\" class=\"wp-image-1241\" srcset=\"https:\/\/adroitinsight.com\/wp-content\/uploads\/2023\/03\/Careers-image-3.jpg 829w, https:\/\/adroitinsight.com\/wp-content\/uploads\/2023\/03\/Careers-image-3-300x300.jpg 300w, https:\/\/adroitinsight.com\/wp-content\/uploads\/2023\/03\/Careers-image-3-150x150.jpg 150w, https:\/\/adroitinsight.com\/wp-content\/uploads\/2023\/03\/Careers-image-3-768x768.jpg 768w\" sizes=\"auto, (max-width: 829px) 100vw, 829px\" \/><\/figure>\n\n\n\n<p class=\"has-text-align-left\" style=\"font-size:1rem\">Creemos que nuestra cultura de empresa es uno de nuestros activos m\u00e1s valiosos. Invertimos mucho en crear un entorno en el que nuestro equipo pueda prosperar y dar lo mejor de s\u00ed mismo. A nuestro equipo le encanta lo que hace y para qui\u00e9n lo hace.<\/p>\n<\/div>\n\n\n\n<div class=\"wp-block-column is-layout-flow wp-block-column-is-layout-flow\">\n<h4 class=\"has-text-align-center has-navy-color has-text-color wp-block-heading\">Progreso<\/h4>\n\n\n\n<figure class=\"wp-block-image size-full\"><img loading=\"lazy\" decoding=\"async\" width=\"829\" height=\"829\" src=\"https:\/\/adroitinsight.com\/wp-content\/uploads\/2023\/03\/Careers-image-2.jpg\" alt=\"\" class=\"wp-image-1242\" srcset=\"https:\/\/adroitinsight.com\/wp-content\/uploads\/2023\/03\/Careers-image-2.jpg 829w, https:\/\/adroitinsight.com\/wp-content\/uploads\/2023\/03\/Careers-image-2-300x300.jpg 300w, https:\/\/adroitinsight.com\/wp-content\/uploads\/2023\/03\/Careers-image-2-150x150.jpg 150w, https:\/\/adroitinsight.com\/wp-content\/uploads\/2023\/03\/Careers-image-2-768x768.jpg 768w\" sizes=\"auto, (max-width: 829px) 100vw, 829px\" \/><\/figure>\n\n\n\n<p class=\"has-text-align-left\" style=\"margin-top:0;margin-right:0;margin-bottom:0;margin-left:0;font-size:1rem\">Nos dedicamos a encontrar soluciones innovadoras para cualquier reto al que nos enfrentamos. Utilizamos la tecnolog\u00eda m\u00e1s avanzada y un pensamiento creativo, para desarrollar soluciones a medida que satisfagan las necesidades de cada reto, por complejas que sean.<\/p>\n<\/div>\n\n\n\n<div class=\"wp-block-column is-layout-flow wp-block-column-is-layout-flow\">\n<h4 class=\"has-text-align-center has-navy-color has-text-color wp-block-heading\">Personas<\/h4>\n\n\n\n<figure class=\"wp-block-image size-full\"><img loading=\"lazy\" decoding=\"async\" width=\"829\" height=\"829\" src=\"https:\/\/adroitinsight.com\/wp-content\/uploads\/2023\/03\/Careers-image-1jpg.jpg\" alt=\"\" class=\"wp-image-1243\" srcset=\"https:\/\/adroitinsight.com\/wp-content\/uploads\/2023\/03\/Careers-image-1jpg.jpg 829w, https:\/\/adroitinsight.com\/wp-content\/uploads\/2023\/03\/Careers-image-1jpg-300x300.jpg 300w, https:\/\/adroitinsight.com\/wp-content\/uploads\/2023\/03\/Careers-image-1jpg-150x150.jpg 150w, https:\/\/adroitinsight.com\/wp-content\/uploads\/2023\/03\/Careers-image-1jpg-768x768.jpg 768w\" sizes=\"auto, (max-width: 829px) 100vw, 829px\" \/><\/figure>\n\n\n\n<p class=\"has-text-align-left\" style=\"font-size:1rem\">Estamos convencidos del poder de la colaboraci\u00f3n. Nuestro equipo est\u00e1 formado por personas diversas, con distinto or\u00edgenes y perspectivas, que se unen para crear algo especial.<\/p>\n<\/div>\n<\/div>\n\n\n<div class=\"icon-heading&#x20;teal-30&#x20;has-teal-30-background-color&#x20;has-navy-color\"\n\t style=\"margin-top&#x3A;&#x20;var&#x28;--wp--preset--spacing--70&#x29;\">\n\t<div class=\"icon-heading__container\">\n\t\t<h2 class=\"icon-heading__title\">Conciliaci\u00f3n de la vida laboral y familiar<\/h2>\n\t\t\t\t\t\t\t\t<img decoding=\"async\" src=\"&#x2F;wp-content&#x2F;uploads&#x2F;2023&#x2F;04&#x2F;balance-icon.svg\"\n\t\t\t\t alt=\"Conciliaci&#x00F3;n&#x20;de&#x20;la&#x20;vida&#x20;laboral&#x20;y&#x20;familiar&#x20;Icono\" class=\"icon-heading__image\">\n\t\t\t<\/div>\n<\/div>\n\n\n\n<div class=\"background&#x20;teal-15&#x20;has-teal-15-background-color\" style=\"padding-top&#x3A;&#x20;var&#x28;--wp--preset--spacing--60&#x29;&#x3B;&#x20;padding-bottom&#x3A;&#x20;var&#x28;--wp--preset--spacing--30&#x29;\">\n\t<div class=\"container\">\n\t\t<div class=\"acf-innerblocks-container\">\n\n<div class=\"wp-block-columns is-layout-flex wp-container-core-columns-is-layout-9d6595d7 wp-block-columns-is-layout-flex\">\n<div class=\"wp-block-column is-layout-flow wp-block-column-is-layout-flow\" style=\"flex-basis:33.33%\">\n<figure class=\"wp-block-image size-large is-resized\"><img loading=\"lazy\" decoding=\"async\" src=\"https:\/\/adroitinsight.com\/wp-content\/uploads\/2023\/03\/successful-business-intelligence-not-for-profits-1024x768.jpg\" alt=\"\" class=\"wp-image-885\" width=\"381\" height=\"285\" srcset=\"https:\/\/adroitinsight.com\/wp-content\/uploads\/2023\/03\/successful-business-intelligence-not-for-profits-1024x768.jpg 1024w, https:\/\/adroitinsight.com\/wp-content\/uploads\/2023\/03\/successful-business-intelligence-not-for-profits-300x225.jpg 300w, https:\/\/adroitinsight.com\/wp-content\/uploads\/2023\/03\/successful-business-intelligence-not-for-profits-768x576.jpg 768w, https:\/\/adroitinsight.com\/wp-content\/uploads\/2023\/03\/successful-business-intelligence-not-for-profits-1536x1152.jpg 1536w, https:\/\/adroitinsight.com\/wp-content\/uploads\/2023\/03\/successful-business-intelligence-not-for-profits-2048x1536.jpg 2048w\" sizes=\"auto, (max-width: 381px) 100vw, 381px\" \/><\/figure>\n<\/div>\n\n\n\n<div class=\"wp-block-column is-layout-flow wp-block-column-is-layout-flow\" style=\"flex-basis:33.33%\">\n<p class=\"has-medium-font-size\"><\/p>\n<\/div>\n\n\n\n<div class=\"wp-block-column is-layout-flow wp-block-column-is-layout-flow\" style=\"flex-basis:33.33%\">\n<ul class=\"wp-block-list\">\n<li>Trabajo flexible<\/li>\n\n\n\n<li>Salario competitivo<\/li>\n\n\n\n<li>Sistema de primas<\/li>\n\n\n\n<li>Pensi\u00f3n generosa<\/li>\n\n\n\n<li>Programa de bienestar<\/li>\n\n\n\n<li>Generosa pol\u00edtica de maternidad y paternidad<\/li>\n\n\n\n<li>Acceso a vacaciones adicionales<\/li>\n\n\n\n<li>Bicicleta para ir al trabajo<\/li>\n<\/ul>\n<\/div>\n<\/div>\n\n<\/div>\n\t<\/div>\n<\/div>\n\n\n\n<div class=\"wp-block-columns is-layout-flex wp-container-core-columns-is-layout-9d6595d7 wp-block-columns-is-layout-flex\">\n<div class=\"wp-block-column is-layout-flow wp-block-column-is-layout-flow\" style=\"flex-basis:100%\">\n<div class=\"wp-block-columns is-layout-flex wp-container-core-columns-is-layout-9d6595d7 wp-block-columns-is-layout-flex\">\n<div class=\"wp-block-column is-vertically-aligned-top is-layout-flow wp-block-column-is-layout-flow\" style=\"flex-basis:100%\">\n<div class=\"wp-block-columns is-layout-flex wp-container-core-columns-is-layout-9d6595d7 wp-block-columns-is-layout-flex\">\n<div class=\"wp-block-column is-layout-flow wp-block-column-is-layout-flow\" style=\"flex-basis:100%\"><section class=\"careers&#x20;has-teal-color\"\n\t\t style=\"margin-top&#x3A;&#x20;var&#x28;--wp--preset--spacing--50&#x29;&#x3B;&#x20;margin-bottom&#x3A;&#x20;0\">\n\t<div class=\"container\">\n\t\t<div class=\"row\">\n\t\t\t<div class=\"col-lg-4\">\n\t\t\t\t<h2 class=\"careers__heading\">Vacantes actuales<\/h2>\n\t\t\t\t<div class=\"careers__description\">\n\t\t\t\t\tAunque no veas publicada una vacante adecuada para ti, siempre estamos buscando nuevos miembros para nuestro equipo. As\u00ed que si est\u00e1s buscando una nueva y emocionante oportunidad, nos encantar\u00eda que nos enviaras tu CV a admin@adroit.es o que nos siguieras en LinkedIn.\n\t\t\t\t<\/div>\n\t\t\t<\/div>\n\t\t\t<div class=\"col-lg-8\">\n\t\t\t\t<div class=\"row\">\n\t\t\t\t\t\t\t\t\t\t\t<div class=\"col-md-6\">\n\t\t\t\t\t\t\t<div class=\"career-card\">\n\t\t\t\t\t\t\t\t<div class=\"career-card__header\">\n\t\t\t\t\t\t\t\t\t<h3 class=\"career-card__title\">Senior Fundraising Analyst<\/h3>\n\t\t\t\t\t\t\t\t<\/div>\n\t\t\t\t\t\t\t\t<div class=\"career-card__main\">\n\t\t\t\t\t\t\t\t\t<div class=\"career-card__description\">\n\t\t\t\t\t\t\t\t\t\tActualmente estamos contratando a un Senior Fundraising Analyst para dirigir proyectos anal\u00edticos y de datos, y proporcionar soluciones anal\u00edticas interpretativas principalmente a trav\u00e9s de (pero no limitado a) nuestros clientes del tercer sector y dentro del proyecto de Benchmarking INDIGO.\n\t\t\t\t\t\t\t\t\t<\/div>\n\t\t\t\t\t\t\t\t\t<a href=\"&#x2F;es&#x2F;carreras&#x2F;senior-fundraising-analyst&#x2F;\"\n\t\t\t\t\t\t\t\t\t   class=\"career-card__link\">M\u00e1s informaci\u00f3n<\/a>\n\t\t\t\t\t\t\t\t<\/div>\n\t\t\t\t\t\t\t<\/div>\n\t\t\t\t\t\t<\/div>\n\t\t\t\t\t\t\t\t\t<\/div>\n\t\t\t<\/div>\n\t\t<\/div>\n\t<\/div>\n<\/section>\n<\/div>\n<\/div>\n<\/div>\n<\/div>\n<\/div>\n<\/div>\n","protected":false},"excerpt":{"rendered":"<p>Prop\u00f3sito Creemos que nuestra cultura de empresa es uno de nuestros activos m\u00e1s valiosos. Invertimos mucho en crear un entorno en el que nuestro equipo pueda prosperar y dar lo mejor de s\u00ed mismo. A nuestro equipo le encanta lo que hace y para qui\u00e9n lo hace. Progreso Nos dedicamos a encontrar soluciones innovadoras para [&hellip;]<\/p>\n","protected":false},"author":2,"featured_media":0,"parent":2034,"menu_order":0,"comment_status":"closed","ping_status":"closed","template":"","meta":{"_acf_changed":false,"footnotes":""},"class_list":["post-2031","page","type-page","status-publish","hentry"],"acf":[],"yoast_head":"<!-- This site is optimized with the Yoast SEO plugin v27.4 - https:\/\/yoast.com\/product\/yoast-seo-wordpress\/ -->\n<title>Carreras | Adroit Insight<\/title>\n<meta name=\"robots\" content=\"index, follow, max-snippet:-1, max-image-preview:large, max-video-preview:-1\" \/>\n<link rel=\"canonical\" href=\"https:\/\/adroitinsight.com\/es\/nosotros\/carreras\/\" \/>\n<meta property=\"og:locale\" content=\"es_ES\" \/>\n<meta property=\"og:type\" content=\"article\" \/>\n<meta property=\"og:title\" content=\"Carreras | Adroit Insight\" \/>\n<meta property=\"og:description\" content=\"Prop\u00f3sito Creemos que nuestra cultura de empresa es uno de nuestros activos m\u00e1s valiosos. Invertimos mucho en crear un entorno en el que nuestro equipo pueda prosperar y dar lo mejor de s\u00ed mismo. A nuestro equipo le encanta lo que hace y para qui\u00e9n lo hace. Progreso Nos dedicamos a encontrar soluciones innovadoras para [&hellip;]\" \/>\n<meta property=\"og:url\" content=\"https:\/\/adroitinsight.com\/es\/nosotros\/carreras\/\" \/>\n<meta property=\"og:site_name\" content=\"Adroit Insight\" \/>\n<meta property=\"article:modified_time\" content=\"2023-04-21T11:22:03+00:00\" \/>\n<meta property=\"og:image\" content=\"https:\/\/adroitinsight.com\/wp-content\/uploads\/2023\/03\/Careers-image-3.jpg\" \/>\n<meta name=\"twitter:card\" content=\"summary_large_image\" \/>\n<meta name=\"twitter:label1\" content=\"Tiempo de lectura\" \/>\n\t<meta name=\"twitter:data1\" content=\"1 minuto\" \/>\n<script type=\"application\/ld+json\" class=\"yoast-schema-graph\">{\"@context\":\"https:\\\/\\\/schema.org\",\"@graph\":[{\"@type\":\"WebPage\",\"@id\":\"https:\\\/\\\/adroitinsight.com\\\/es\\\/nosotros\\\/carreras\\\/\",\"url\":\"https:\\\/\\\/adroitinsight.com\\\/es\\\/nosotros\\\/carreras\\\/\",\"name\":\"Carreras | Adroit Insight\",\"isPartOf\":{\"@id\":\"https:\\\/\\\/adroitinsight.com\\\/#website\"},\"primaryImageOfPage\":{\"@id\":\"https:\\\/\\\/adroitinsight.com\\\/es\\\/nosotros\\\/carreras\\\/#primaryimage\"},\"image\":{\"@id\":\"https:\\\/\\\/adroitinsight.com\\\/es\\\/nosotros\\\/carreras\\\/#primaryimage\"},\"thumbnailUrl\":\"https:\\\/\\\/adroitinsight.com\\\/wp-content\\\/uploads\\\/2023\\\/03\\\/Careers-image-3.jpg\",\"datePublished\":\"2023-02-28T09:58:50+00:00\",\"dateModified\":\"2023-04-21T11:22:03+00:00\",\"breadcrumb\":{\"@id\":\"https:\\\/\\\/adroitinsight.com\\\/es\\\/nosotros\\\/carreras\\\/#breadcrumb\"},\"inLanguage\":\"es\",\"potentialAction\":[{\"@type\":\"ReadAction\",\"target\":[\"https:\\\/\\\/adroitinsight.com\\\/es\\\/nosotros\\\/carreras\\\/\"]}]},{\"@type\":\"ImageObject\",\"inLanguage\":\"es\",\"@id\":\"https:\\\/\\\/adroitinsight.com\\\/es\\\/nosotros\\\/carreras\\\/#primaryimage\",\"url\":\"https:\\\/\\\/adroitinsight.com\\\/wp-content\\\/uploads\\\/2023\\\/03\\\/Careers-image-3.jpg\",\"contentUrl\":\"https:\\\/\\\/adroitinsight.com\\\/wp-content\\\/uploads\\\/2023\\\/03\\\/Careers-image-3.jpg\"},{\"@type\":\"BreadcrumbList\",\"@id\":\"https:\\\/\\\/adroitinsight.com\\\/es\\\/nosotros\\\/carreras\\\/#breadcrumb\",\"itemListElement\":[{\"@type\":\"ListItem\",\"position\":1,\"name\":\"Home\",\"item\":\"https:\\\/\\\/adroitinsight.com\\\/es\\\/\"},{\"@type\":\"ListItem\",\"position\":2,\"name\":\"Nosotros\",\"item\":\"https:\\\/\\\/adroitinsight.com\\\/es\\\/nosotros\\\/\"},{\"@type\":\"ListItem\",\"position\":3,\"name\":\"Carreras\"}]},{\"@type\":\"WebSite\",\"@id\":\"https:\\\/\\\/adroitinsight.com\\\/#website\",\"url\":\"https:\\\/\\\/adroitinsight.com\\\/\",\"name\":\"Adroit Insight\",\"description\":\"Data insight focused on non profit sector\",\"publisher\":{\"@id\":\"https:\\\/\\\/adroitinsight.com\\\/#organization\"},\"potentialAction\":[{\"@type\":\"SearchAction\",\"target\":{\"@type\":\"EntryPoint\",\"urlTemplate\":\"https:\\\/\\\/adroitinsight.com\\\/?s={search_term_string}\"},\"query-input\":{\"@type\":\"PropertyValueSpecification\",\"valueRequired\":true,\"valueName\":\"search_term_string\"}}],\"inLanguage\":\"es\"},{\"@type\":\"Organization\",\"@id\":\"https:\\\/\\\/adroitinsight.com\\\/#organization\",\"name\":\"Adroit Insight\",\"url\":\"https:\\\/\\\/adroitinsight.com\\\/\",\"logo\":{\"@type\":\"ImageObject\",\"inLanguage\":\"es\",\"@id\":\"https:\\\/\\\/adroitinsight.com\\\/#\\\/schema\\\/logo\\\/image\\\/\",\"url\":\"https:\\\/\\\/l8ueb9.n3cdn1.secureserver.net\\\/wp-content\\\/uploads\\\/2023\\\/02\\\/adroit-logo.png?time=1709820888\",\"contentUrl\":\"https:\\\/\\\/l8ueb9.n3cdn1.secureserver.net\\\/wp-content\\\/uploads\\\/2023\\\/02\\\/adroit-logo.png?time=1709820888\",\"width\":640,\"height\":207,\"caption\":\"Adroit Insight\"},\"image\":{\"@id\":\"https:\\\/\\\/adroitinsight.com\\\/#\\\/schema\\\/logo\\\/image\\\/\"}}]}<\/script>\n<!-- \/ Yoast SEO plugin. -->","yoast_head_json":{"title":"Carreras | Adroit Insight","robots":{"index":"index","follow":"follow","max-snippet":"max-snippet:-1","max-image-preview":"max-image-preview:large","max-video-preview":"max-video-preview:-1"},"canonical":"https:\/\/adroitinsight.com\/es\/nosotros\/carreras\/","og_locale":"es_ES","og_type":"article","og_title":"Carreras | Adroit Insight","og_description":"Prop\u00f3sito Creemos que nuestra cultura de empresa es uno de nuestros activos m\u00e1s valiosos. Invertimos mucho en crear un entorno en el que nuestro equipo pueda prosperar y dar lo mejor de s\u00ed mismo. A nuestro equipo le encanta lo que hace y para qui\u00e9n lo hace. Progreso Nos dedicamos a encontrar soluciones innovadoras para [&hellip;]","og_url":"https:\/\/adroitinsight.com\/es\/nosotros\/carreras\/","og_site_name":"Adroit Insight","article_modified_time":"2023-04-21T11:22:03+00:00","og_image":[{"url":"https:\/\/adroitinsight.com\/wp-content\/uploads\/2023\/03\/Careers-image-3.jpg","type":"","width":"","height":""}],"twitter_card":"summary_large_image","twitter_misc":{"Tiempo de lectura":"1 minuto"},"schema":{"@context":"https:\/\/schema.org","@graph":[{"@type":"WebPage","@id":"https:\/\/adroitinsight.com\/es\/nosotros\/carreras\/","url":"https:\/\/adroitinsight.com\/es\/nosotros\/carreras\/","name":"Carreras | Adroit Insight","isPartOf":{"@id":"https:\/\/adroitinsight.com\/#website"},"primaryImageOfPage":{"@id":"https:\/\/adroitinsight.com\/es\/nosotros\/carreras\/#primaryimage"},"image":{"@id":"https:\/\/adroitinsight.com\/es\/nosotros\/carreras\/#primaryimage"},"thumbnailUrl":"https:\/\/adroitinsight.com\/wp-content\/uploads\/2023\/03\/Careers-image-3.jpg","datePublished":"2023-02-28T09:58:50+00:00","dateModified":"2023-04-21T11:22:03+00:00","breadcrumb":{"@id":"https:\/\/adroitinsight.com\/es\/nosotros\/carreras\/#breadcrumb"},"inLanguage":"es","potentialAction":[{"@type":"ReadAction","target":["https:\/\/adroitinsight.com\/es\/nosotros\/carreras\/"]}]},{"@type":"ImageObject","inLanguage":"es","@id":"https:\/\/adroitinsight.com\/es\/nosotros\/carreras\/#primaryimage","url":"https:\/\/adroitinsight.com\/wp-content\/uploads\/2023\/03\/Careers-image-3.jpg","contentUrl":"https:\/\/adroitinsight.com\/wp-content\/uploads\/2023\/03\/Careers-image-3.jpg"},{"@type":"BreadcrumbList","@id":"https:\/\/adroitinsight.com\/es\/nosotros\/carreras\/#breadcrumb","itemListElement":[{"@type":"ListItem","position":1,"name":"Home","item":"https:\/\/adroitinsight.com\/es\/"},{"@type":"ListItem","position":2,"name":"Nosotros","item":"https:\/\/adroitinsight.com\/es\/nosotros\/"},{"@type":"ListItem","position":3,"name":"Carreras"}]},{"@type":"WebSite","@id":"https:\/\/adroitinsight.com\/#website","url":"https:\/\/adroitinsight.com\/","name":"Adroit Insight","description":"Data insight focused on non profit sector","publisher":{"@id":"https:\/\/adroitinsight.com\/#organization"},"potentialAction":[{"@type":"SearchAction","target":{"@type":"EntryPoint","urlTemplate":"https:\/\/adroitinsight.com\/?s={search_term_string}"},"query-input":{"@type":"PropertyValueSpecification","valueRequired":true,"valueName":"search_term_string"}}],"inLanguage":"es"},{"@type":"Organization","@id":"https:\/\/adroitinsight.com\/#organization","name":"Adroit Insight","url":"https:\/\/adroitinsight.com\/","logo":{"@type":"ImageObject","inLanguage":"es","@id":"https:\/\/adroitinsight.com\/#\/schema\/logo\/image\/","url":"https:\/\/l8ueb9.n3cdn1.secureserver.net\/wp-content\/uploads\/2023\/02\/adroit-logo.png?time=1709820888","contentUrl":"https:\/\/l8ueb9.n3cdn1.secureserver.net\/wp-content\/uploads\/2023\/02\/adroit-logo.png?time=1709820888","width":640,"height":207,"caption":"Adroit Insight"},"image":{"@id":"https:\/\/adroitinsight.com\/#\/schema\/logo\/image\/"}}]}},"_links":{"self":[{"href":"https:\/\/adroitinsight.com\/es\/wp-json\/wp\/v2\/pages\/2031","targetHints":{"allow":["GET"]}}],"collection":[{"href":"https:\/\/adroitinsight.com\/es\/wp-json\/wp\/v2\/pages"}],"about":[{"href":"https:\/\/adroitinsight.com\/es\/wp-json\/wp\/v2\/types\/page"}],"author":[{"embeddable":true,"href":"https:\/\/adroitinsight.com\/es\/wp-json\/wp\/v2\/users\/2"}],"replies":[{"embeddable":true,"href":"https:\/\/adroitinsight.com\/es\/wp-json\/wp\/v2\/comments?post=2031"}],"version-history":[{"count":7,"href":"https:\/\/adroitinsight.com\/es\/wp-json\/wp\/v2\/pages\/2031\/revisions"}],"predecessor-version":[{"id":2547,"href":"https:\/\/adroitinsight.com\/es\/wp-json\/wp\/v2\/pages\/2031\/revisions\/2547"}],"up":[{"embeddable":true,"href":"https:\/\/adroitinsight.com\/es\/wp-json\/wp\/v2\/pages\/2034"}],"wp:attachment":[{"href":"https:\/\/adroitinsight.com\/es\/wp-json\/wp\/v2\/media?parent=2031"}],"curies":[{"name":"wp","href":"https:\/\/api.w.org\/{rel}","templated":true}]}}